{"id":17,"date":"2020-09-01T14:12:02","date_gmt":"2020-09-01T14:12:02","guid":{"rendered":"https:\/\/falselife.univ-amu.fr\/wordpress\/?page_id=17"},"modified":"2023-09-22T18:49:42","modified_gmt":"2023-09-22T18:49:42","slug":"upcoming-events","status":"publish","type":"page","link":"https:\/\/falselife.univ-amu.fr\/wordpress\/upcoming-events\/","title":{"rendered":"Upcoming Events"},"content":{"rendered":"\n<h2 class=\"wp-block-heading\">Talks<\/h2>\n\n\n\n<p><\/p>\n\n\n\n<ul>\n<li><\/li>\n<\/ul>\n\n\n\n<div style=\"height:29px\" aria-hidden=\"true\" class=\"wp-block-spacer\"><\/div>\n\n\n\n<h2 class=\"wp-block-heading\">Posters<\/h2>\n\n\n\n<ul>\n<li>Hami, L., Casini, L., &amp; Abadie, M. (2023, 3-6 october). Les erreurs de m\u00e9moire s\u00e9mantiques et phonologiques en t\u00e2che de m\u00e9moire de travail au cours du d\u00e9veloppement. [Poster presentation], 2\u00e8me colloque interdisciplinaire du GDR m\u00e9moire, Carry-Le-Rouet, France.<\/li>\n<\/ul>\n","protected":false},"excerpt":{"rendered":"<p>Talks Posters<\/p>\n","protected":false},"author":1,"featured_media":0,"parent":0,"menu_order":0,"comment_status":"closed","ping_status":"closed","template":"","meta":{"footnotes":""},"_links":{"self":[{"href":"https:\/\/falselife.univ-amu.fr\/wordpress\/wp-json\/wp\/v2\/pages\/17"}],"collection":[{"href":"https:\/\/falselife.univ-amu.fr\/wordpress\/wp-json\/wp\/v2\/pages"}],"about":[{"href":"https:\/\/falselife.univ-amu.fr\/wordpress\/wp-json\/wp\/v2\/types\/page"}],"author":[{"embeddable":true,"href":"https:\/\/falselife.univ-amu.fr\/wordpress\/wp-json\/wp\/v2\/users\/1"}],"replies":[{"embeddable":true,"href":"https:\/\/falselife.univ-amu.fr\/wordpress\/wp-json\/wp\/v2\/comments?post=17"}],"version-history":[{"count":29,"href":"https:\/\/falselife.univ-amu.fr\/wordpress\/wp-json\/wp\/v2\/pages\/17\/revisions"}],"predecessor-version":[{"id":429,"href":"https:\/\/falselife.univ-amu.fr\/wordpress\/wp-json\/wp\/v2\/pages\/17\/revisions\/429"}],"wp:attachment":[{"href":"https:\/\/falselife.univ-amu.fr\/wordpress\/wp-json\/wp\/v2\/media?parent=17"}],"curies":[{"name":"wp","href":"https:\/\/api.w.org\/{rel}","templated":true}]}}