{"id":39,"date":"2020-09-01T14:22:37","date_gmt":"2020-09-01T14:22:37","guid":{"rendered":"https:\/\/falselife.univ-amu.fr\/wordpress\/?page_id=39"},"modified":"2021-05-20T08:14:43","modified_gmt":"2021-05-20T08:14:43","slug":"young-and-older-adults-project","status":"publish","type":"page","link":"https:\/\/falselife.univ-amu.fr\/wordpress\/fr\/young-and-older-adults-project\/","title":{"rendered":"Projet adultes jeunes et \u00e2g\u00e9s"},"content":{"rendered":"<div class=\"wp-block-media-text alignwide has-media-on-the-right is-stacked-on-mobile\" style=\"grid-template-columns:auto 58%\"><figure class=\"wp-block-media-text__media\"><img decoding=\"async\" loading=\"lazy\" width=\"1024\" height=\"683\" src=\"https:\/\/falselife.univ-amu.fr\/wordpress\/wp-content\/uploads\/2020\/09\/pexels-andrea-piacquadio-3931556-1024x683.jpg\" alt=\"\" class=\"wp-image-108 size-full\" srcset=\"https:\/\/falselife.univ-amu.fr\/wordpress\/wp-content\/uploads\/2020\/09\/pexels-andrea-piacquadio-3931556-1024x683.jpg 1024w, https:\/\/falselife.univ-amu.fr\/wordpress\/wp-content\/uploads\/2020\/09\/pexels-andrea-piacquadio-3931556-300x200.jpg 300w, https:\/\/falselife.univ-amu.fr\/wordpress\/wp-content\/uploads\/2020\/09\/pexels-andrea-piacquadio-3931556-768x512.jpg 768w, https:\/\/falselife.univ-amu.fr\/wordpress\/wp-content\/uploads\/2020\/09\/pexels-andrea-piacquadio-3931556-1536x1024.jpg 1536w, https:\/\/falselife.univ-amu.fr\/wordpress\/wp-content\/uploads\/2020\/09\/pexels-andrea-piacquadio-3931556-2048x1365.jpg 2048w\" sizes=\"(max-width: 1024px) 100vw, 1024px\" \/><\/figure><div class=\"wp-block-media-text__content\">\n<figure class=\"wp-block-pullquote\" style=\"border-color:#abb8c3\"><blockquote><p>Faux souvenirs au cours de la vie adulte<\/p><\/blockquote><\/figure>\n<\/div><\/div>\n\n\n\n<p class=\"has-text-align-right has-text-color has-small-font-size\" style=\"color:#eaf0f3\"><a href=\"https:\/\/www.pexels.com\/fr-fr\/photo\/lumineux-creatif-bureau-jeune-3931556\/\" target=\"_blank\" rel=\"noreferrer noopener\">Photo by Andrea Piacquadio on Pexels.com<\/a><\/p>\n\n\n\n<p> <\/p>\n\n\n\n<p><\/p>\n\n\n\n<p>L'objectif du projet adultes est d'\u00e9tudier l'impact de la disponibilit\u00e9 des m\u00e9canismes de r\u00e9p\u00e9tition articulatoire et de rafra\u00eechissement attentionnel dans la formation de faux souvenirs au cours du vieillissement (pour plus d'informations au sujet de ces deux m\u00e9canismes, r\u00e9f\u00e9rez-vous \u00e0 la page \"Contexte g\u00e9n\u00e9ral des projets\" s'il vous plait).<\/p>\n\n\n\n<h4 class=\"wp-block-heading\"><em><u>R\u00e9sultats attendus<\/u><\/em><\/h4>\n\n\n\n<p>Du fait de la d\u00e9gradation du m\u00e9canisme de rafra\u00eechissement lors du vieillissement, nous nous attendons \u00e0 voir une augmentation du nombre de faux souvenirs \u00e0 long terme chez les adultes \u00e2g\u00e9s (60 \u2013 75 ans) compar\u00e9 aux adultes jeunes (18 \u2013 30 ans). En revanche, du fait du maintien de la r\u00e9p\u00e9tition articulatoire lors du vieillissement, nous ne nous attendons pas \u00e0 observer de diff\u00e9rence dans le nombre de faux souvenirs \u00e0 court terme entre les deux groupes d\u2019\u00e2ges.\nPlusieurs \u00e9tudes seront men\u00e9es afin de tester ces hypoth\u00e8ses.<\/p>\n\n\n\n<h4 class=\"wp-block-heading\"><em><u>M\u00e9thode<\/u><\/em><\/h4>\n\n\n\n<p>L\u2019exp\u00e9rience propos\u00e9e aux participants sera pr\u00e9sent\u00e9e sur ordinateur, et sera bas\u00e9e sur une t\u00e2che de type Brown Peterson (Brown, 1958 ; Peterson &amp; Peterson, 1959), qui consiste \u00e0 maintenir plusieurs items en m\u00e9moire tout en r\u00e9alisant une t\u00e2che interf\u00e9rente, puis de rappeler ces items \u00e0 court terme et \u00e0 long terme. Les items \u00e0 m\u00e9moriser seront des listes de quatre mots plus ou moins reli\u00e9s entre eux s\u00e9mantiquement. Ces listes seront choisies parmi celles propos\u00e9es par Bonin, M\u00e9ot, Ferrand, &amp; Buga\u00efska, 2013. Ainsi, chaque liste sera constitu\u00e9e d\u2019un mot th\u00e8me (non pr\u00e9sent\u00e9) et de quatre mots associ\u00e9s s\u00e9mantiquement que le participant devra retenir (exemple pour le mot th\u00e8me \u00ab serrure \u00bb : cl\u00e9, porte, trou, ferm\u00e9e). <\/p>\n\n\n\n<p>Afin de tester nos hypoth\u00e8ses nous manipulerons la disponibilit\u00e9 des m\u00e9canismes de m\u00e9moire de travail. La disponibilit\u00e9 du rafra\u00eechissement attentionnel sera manipul\u00e9e par le biais d\u2019une t\u00e2che interf\u00e9rente soit \u00e0 charge cognitive \u00e9lev\u00e9e, afin de bloquer ce m\u00e9canisme, ou \u00e0 charge cognitive faible dans le cas contraire. En m\u00eame temps, la disponibilit\u00e9 de la r\u00e9p\u00e9tition articulatoire sera manipul\u00e9e en demandant, ou pas, au participant de r\u00e9p\u00e9ter des syllabes \u00e0 voix haute, afin de bloquer ou pas ce m\u00e9canisme. Une fois la t\u00e2che interf\u00e9rente finie, le participant proc\u00e9dera \u00e0 la phase de rappel \u00e0 court terme puis \u00e0 celle de rappel \u00e0 long terme. La figure 1 illustre la proc\u00e9dure que nous utiliserons.<\/p>\n\n\n\n<p><\/p>\n\n\n\n<div class=\"wp-block-image is-style-default\"><figure class=\"aligncenter size-large\"><img decoding=\"async\" loading=\"lazy\" width=\"1024\" height=\"448\" src=\"https:\/\/falselife.univ-amu.fr\/wordpress\/wp-content\/uploads\/2021\/04\/protocole_adultes_FR.png\" alt=\"\" class=\"wp-image-246\" srcset=\"https:\/\/falselife.univ-amu.fr\/wordpress\/wp-content\/uploads\/2021\/04\/protocole_adultes_FR.png 1959w, https:\/\/falselife.univ-amu.fr\/wordpress\/wp-content\/uploads\/2021\/04\/protocole_adultes_FR-300x131.png 300w, https:\/\/falselife.univ-amu.fr\/wordpress\/wp-content\/uploads\/2021\/04\/protocole_adultes_FR-1024x448.png 1024w, https:\/\/falselife.univ-amu.fr\/wordpress\/wp-content\/uploads\/2021\/04\/protocole_adultes_FR-768x336.png 768w, https:\/\/falselife.univ-amu.fr\/wordpress\/wp-content\/uploads\/2021\/04\/protocole_adultes_FR-1536x673.png 1536w, https:\/\/falselife.univ-amu.fr\/wordpress\/wp-content\/uploads\/2021\/04\/protocole_adultes_FR-16x7.png 16w, https:\/\/falselife.univ-amu.fr\/wordpress\/wp-content\/uploads\/2021\/04\/protocole_adultes_FR-360x158.png 360w\" sizes=\"(max-width: 1024px) 100vw, 1024px\" \/><figcaption><em>Figure 1. Sch\u00e9ma g\u00e9n\u00e9ral de la proc\u00e9dure exp\u00e9rimentale.<\/em><\/figcaption><\/figure><\/div>\n\n\n\n<p>Plusieurs \u00e9tudes seront men\u00e9es avec ce m\u00eame type de t\u00e2che. D\u2019une \u00e9tude \u00e0 l\u2019autre, selon le m\u00e9canisme \u00e9tudi\u00e9, nous ferons varier la consigne donn\u00e9e au participant, la nature de la  t\u00e2che interf\u00e9rente pendant l\u2019intervalle de r\u00e9tention, ainsi que la r\u00e9p\u00e9tition ou pas de syllabes.<\/p>\n\n\n\n<h4 class=\"wp-block-heading\"><em><u><strong>Applications<\/strong><\/u><\/em><\/h4>\n\n\n\n<p>Ce projet est un d\u00e9fi important non seulement pour la recherche th\u00e9orique, mais \u00e9galement pour toute application en r\u00e9\u00e9ducation et stimulation cognitive chez les personnes \u00e2g\u00e9es. De plus, FALSELIFE a le potentiel d'offrir de nouvelles m\u00e9thodes pour aider les personnes les plus vuln\u00e9rables \u00e0 r\u00e9sister aux distorsions mn\u00e9siques en am\u00e9liorant la maintenance en m\u00e9moire de travail et en maximisant l'accessibilit\u00e9 aux traces de type verbales et quantitatives (verbatim).<\/p>\n\n\n\n<h4 class=\"wp-block-heading\"><em><u><strong>Pr\u00e9sentation vid\u00e9o<\/strong><\/u><\/em><\/h4>\n\n\n<p style=\"text-align: center;\"><iframe loading=\"lazy\" src=\"https:\/\/amupod.univ-amu.fr\/video\/16405-verbatim-and-gist-in-agingmp4\/?is_iframe=true\" style=\"padding: 0; margin: 0; border:0\" allowfullscreen=\"\" width=\"640\" height=\"360\"><\/iframe><\/p>","protected":false},"excerpt":{"rendered":"<p>False memories throughout adulthood Photo by Andrea Piacquadio on Pexels.com The adults project\u2019s main goal is to study the impact of the availability of articulatory rehearsal and attentional refreshing on the formation of false memories during aging (please refer to&hellip;&nbsp;<a href=\"https:\/\/falselife.univ-amu.fr\/wordpress\/fr\/young-and-older-adults-project\/\" class=\"more-link\">Read More<\/a><\/p>","protected":false},"author":1,"featured_media":0,"parent":0,"menu_order":0,"comment_status":"closed","ping_status":"closed","template":"","meta":{"footnotes":""},"_links":{"self":[{"href":"https:\/\/falselife.univ-amu.fr\/wordpress\/fr\/wp-json\/wp\/v2\/pages\/39"}],"collection":[{"href":"https:\/\/falselife.univ-amu.fr\/wordpress\/fr\/wp-json\/wp\/v2\/pages"}],"about":[{"href":"https:\/\/falselife.univ-amu.fr\/wordpress\/fr\/wp-json\/wp\/v2\/types\/page"}],"author":[{"embeddable":true,"href":"https:\/\/falselife.univ-amu.fr\/wordpress\/fr\/wp-json\/wp\/v2\/users\/1"}],"replies":[{"embeddable":true,"href":"https:\/\/falselife.univ-amu.fr\/wordpress\/fr\/wp-json\/wp\/v2\/comments?post=39"}],"version-history":[{"count":23,"href":"https:\/\/falselife.univ-amu.fr\/wordpress\/fr\/wp-json\/wp\/v2\/pages\/39\/revisions"}],"predecessor-version":[{"id":342,"href":"https:\/\/falselife.univ-amu.fr\/wordpress\/fr\/wp-json\/wp\/v2\/pages\/39\/revisions\/342"}],"wp:attachment":[{"href":"https:\/\/falselife.univ-amu.fr\/wordpress\/fr\/wp-json\/wp\/v2\/media?parent=39"}],"curies":[{"name":"wp","href":"https:\/\/api.w.org\/{rel}","templated":true}]}}