{"id":196,"date":"2020-10-01T14:20:11","date_gmt":"2020-10-01T14:20:11","guid":{"rendered":"https:\/\/falselife.univ-amu.fr\/wordpress\/?page_id=196"},"modified":"2020-12-14T11:34:02","modified_gmt":"2020-12-14T11:34:02","slug":"general-overview","status":"publish","type":"page","link":"https:\/\/falselife.univ-amu.fr\/wordpress\/fr\/general-overview\/","title":{"rendered":"Contexte g\u00e9n\u00e9ral des projets"},"content":{"rendered":"<h4 class=\"wp-block-heading\"><em><u><strong>Description g\u00e9n\u00e9rale<\/strong><\/u><\/em><\/h4>\n\n\n\n<p>Nos souvenirs ne sont pas toujours des repr\u00e9sentations fiables de notre pass\u00e9. On peut parler de faux souvenir lorsque l\u2019on se souvient d\u2019un \u00e9v\u00e8nement n\u2019ayant jamais eu lieu, ou lorsque notre souvenir de cet \u00e9v\u00e8nement est d\u00e9form\u00e9 par rapport \u00e0 la r\u00e9alit\u00e9 (Roediger &amp; McDermott, 1995). Ceci est un ph\u00e9nom\u00e8ne commun pouvant survenir des ann\u00e9es, des jours, des heures ou m\u00eame quelques secondes apr\u00e8s que l\u2019\u00e9v\u00e8nement r\u00e9el ait eu lieu (Atkins &amp; Reuter-Lorenz, 2008).<\/p>\n\n\n\n<p class=\"translation-block\"><strong>Notre but est de mieux comprendre les m\u00e9canismes responsables de la formation des faux souvenirs en examinant plus particuli\u00e8rement leur \u00e9volution au cours de la vie.<\/strong> Dans une publication r\u00e9cente, nous avons propos\u00e9 une nouvelle th\u00e9orie sur l\u2019\u00e9mergence des faux souvenirs (Abadie &amp; Camos, 2019). Notre mod\u00e8le associe la conception de la m\u00e9moire \u00e0 long terme provenant de la th\u00e9orie des traces floues (TTF, Reyna &amp; Brainerd, 1995 ; Reyna, Lloyd &amp; Brainerd, 2003) \u00e0 la description fonctionnelle de la m\u00e9moire de travail du mod\u00e8le du partage temporel des ressources (TBRS, Barrouillet, Bernardin, &amp; Camos, 2004; Barrouillet &amp; Camos, 2015). Ainsi, nous proposons que le maintien des informations en m\u00e9moire de travail est un facteur cl\u00e9 dans l\u2019\u00e9mergence de faux souvenirs.<\/p>\n\n\n\n<p class=\"translation-block\">En nous appuyant sur ces \u00e9l\u00e9ments, nous menons une s\u00e9rie d\u2019\u00e9tudes au cours de la vie, allant de l\u2019enfance \u00e0 l\u2019\u00e2ge adulte, sur le r\u00f4le du maintien en m\u00e9moire de travail dans l\u2019apparition de faux souvenirs. Notre <strong><u>premier objectif<\/u><\/strong> est d\u2019examiner la <strong>relation entre le d\u00e9veloppement des m\u00e9canismes de maintien de m\u00e9moire de travail,<\/strong> \u00e0 savoir la r\u00e9p\u00e9tition articulatoire et le rafra\u00eechissement attentionnel, <strong>et la formation de faux souvenirs <u>chez l\u2019enfant<\/u>.<\/strong> La r\u00e9p\u00e9tition articulatoire est un m\u00e9canisme permettant le maintien d\u2019informations verbales par le biais de la r\u00e9p\u00e9tition subvocale (Baddeley, 1986), tandis que le rafra\u00eechissement attentionnel utilise l\u2019attention pour r\u00e9activer les traces d\u2019informations de type verbales, visuelles et visuo-spatiales pr\u00e9sentes en m\u00e9moire de travail (Camos et al., 2018). Notre <strong><u>deuxi\u00e8me objectif<\/u><\/strong> est d\u2019examiner, <strong>au cours du <u>vieillissement normal<\/u>, la relation entre l\u2019alt\u00e9ration des m\u00e9canismes de maintien en m\u00e9moire de travail et la r\u00e9cup\u00e9ration d\u2019informations sp\u00e9cifiques associ\u00e9es aux faux souvenirs.<\/strong><\/p>\n\n\n\n<p><\/p>\n\n\n\n<p><strong>Pour obtenir des informations plus d\u00e9taill\u00e9es \u00e0 propos de nos projets enfants et adultes, veuillez consulter respectivement nos sections d\u00e9di\u00e9es : \u00ab Projet enfants \u00bb et \u00ab Projet adultes jeunes et \u00e2ges \u00bb sous l\u2019onglet \u00ab Projets \u00bb.<\/strong><\/p>","protected":false},"excerpt":{"rendered":"<p>General overview Memories are not always reliable representations of our past. False memories can be defined as remembering events that never happened or remembering them quite differently from the way they happened (Roediger &amp; McDermott, 1995). This phenomenon which everyone&hellip;&nbsp;<a href=\"https:\/\/falselife.univ-amu.fr\/wordpress\/fr\/general-overview\/\" class=\"more-link\">Read More<\/a><\/p>","protected":false},"author":1,"featured_media":0,"parent":0,"menu_order":0,"comment_status":"closed","ping_status":"closed","template":"","meta":{"footnotes":""},"_links":{"self":[{"href":"https:\/\/falselife.univ-amu.fr\/wordpress\/fr\/wp-json\/wp\/v2\/pages\/196"}],"collection":[{"href":"https:\/\/falselife.univ-amu.fr\/wordpress\/fr\/wp-json\/wp\/v2\/pages"}],"about":[{"href":"https:\/\/falselife.univ-amu.fr\/wordpress\/fr\/wp-json\/wp\/v2\/types\/page"}],"author":[{"embeddable":true,"href":"https:\/\/falselife.univ-amu.fr\/wordpress\/fr\/wp-json\/wp\/v2\/users\/1"}],"replies":[{"embeddable":true,"href":"https:\/\/falselife.univ-amu.fr\/wordpress\/fr\/wp-json\/wp\/v2\/comments?post=196"}],"version-history":[{"count":8,"href":"https:\/\/falselife.univ-amu.fr\/wordpress\/fr\/wp-json\/wp\/v2\/pages\/196\/revisions"}],"predecessor-version":[{"id":228,"href":"https:\/\/falselife.univ-amu.fr\/wordpress\/fr\/wp-json\/wp\/v2\/pages\/196\/revisions\/228"}],"wp:attachment":[{"href":"https:\/\/falselife.univ-amu.fr\/wordpress\/fr\/wp-json\/wp\/v2\/media?parent=196"}],"curies":[{"name":"wp","href":"https:\/\/api.w.org\/{rel}","templated":true}]}}