{"id":19,"date":"2020-09-01T14:12:24","date_gmt":"2020-09-01T14:12:24","guid":{"rendered":"https:\/\/falselife.univ-amu.fr\/wordpress\/?page_id=19"},"modified":"2024-05-28T14:20:44","modified_gmt":"2024-05-28T14:20:44","slug":"research-output","status":"publish","type":"page","link":"https:\/\/falselife.univ-amu.fr\/wordpress\/fr\/research-output\/","title":{"rendered":"Publications"},"content":{"rendered":"\n<h2 class=\"wp-block-heading\">Publications<\/h2>\n\n\n\n<h2 class=\"wp-block-heading\">Refereed journal articles<\/h2>\n\n\n\n<ul>\n<li>Piroelle, M., Guette, C., &amp; Abadie, M. (accepted). <strong>The Role of Articulatory Rehearsal in Short-Term False Memories during Aging.<\/strong> <em>Quaterly Journal of Experimental Psychology<\/em>.<\/li>\n\n\n\n<li>Abadie, M., Guette, C., Troubat, A., &amp; Camos, V. (2023) <strong>The Influence of Working Memory Mechanisms on False Memories in Immediate and Delayed Tests<\/strong>. Available at SSRN: https:\/\/ssrn.com\/abstract=4625234 or http:\/\/dx.doi.org\/10.2139\/ssrn.4625234<\/li>\n\n\n\n<li>Abadie, M<strong>.<\/strong>,&amp; Guette, C. (2023). <strong>Reducing Age Differences in the Retrieval of Verbatim and Gist Representations: Encoding Manipulation<\/strong>s. PsyArXiv, https:\/\/doi.org\/10.31234\/osf.io\/djt9v.<\/li>\n\n\n\n<li>Abadie, M., &amp; Rousselle, M. (2023). <strong>Short-term phantom recollection in 8\u201310-year-olds and young adults. <\/strong><em>Journal of Intelligence, 11, <\/em>67, doi: 10.3390\/jintelligence11040067<\/li>\n\n\n\n<li>Rousselle, M., Abadie, M., Blaye, A., &amp; Camos, V. (2023). <strong>Children&#8217;s gist-based false memories in working memory tasks.<\/strong> <em>Developmental Psychology<\/em>, <em>59<\/em>,<em> <\/em>272-284. doi: 10.1037\/dev0001476<\/li>\n\n\n\n<li>Abadie, M., Gavard, E., &amp; Guillaume, F. (2021). <strong>Verbatim and gist memory in aging.<\/strong> <em>Psychology and Aging<\/em>, <em>8<\/em>, 891-901. doi: <a href=\"https:\/\/doi.org\/10.1037\/pag0000635\">10.1037\/pag0000635<\/a><\/li>\n<\/ul>\n\n\n\n<p><\/p>\n\n\n\n<h2 class=\"wp-block-heading\">Talks<br><\/h2>\n\n\n\n<p><\/p>\n\n\n\n<ul>\n<li>Abadie, M. (2023, September 5-9th). <strong>Short-term false memories across the lifespan<\/strong>. [Paper presentation], <em>ESCOP 2023<\/em>,<em> Porto, Portugal.<\/em><\/li>\n\n\n\n<li>Rousselle, M., Blaye, A., &amp; Abadie, M. (2023, September 5-9th). <strong>The interplay between working memory maintenance and gist activation in short-term false memories in children and adults.<\/strong> [Paper presentation], <em>ESCOP 2023<\/em>,<em> Porto, Portugal<\/em>.<\/li>\n\n\n\n<li>Piroelle, M., Guette, C. &amp; Abadie, M. (2023, June 29-30). <strong>Does articulatory rehearsal help prevent false memories in the elderly?<\/strong> [Paper presentation]. <em>Journ\u00e9es d\u2019\u00e9tudes du vieillissement, Tours, France.<\/em><\/li>\n\n\n\n<li><strong>Abadie, M. <\/strong>(2023, June 15).<strong>False memories across the lifespan<\/strong>. [Paper presentation]. C<em>ollectif Cognitif, Paris<\/em>, France.<\/li>\n\n\n\n<li>Abadie, M. (2023, April 27). <strong>False memories across the lifespan.<\/strong> [Paper presentation]. <em>French Working Memory Meeting, Lyon, France.<\/em><\/li>\n\n\n\n<li>Abadie, M., &amp; Guette, C. (2022, August). <strong>Age-related difference in the ability to retrieve specific details of an episode: Now you see it, now you don\u2019t! <\/strong>[Paper presentation], <em>ESCOP, Lille, France<\/em>.<\/li>\n\n\n\n<li>Abadie, M. (2022, 6<sup>th<\/sup> august). <strong><a rel=\"noreferrer noopener\" href=\"https:\/\/amupod.univ-amu.fr\/video\/22570-verbatim-and-gist-based-associative-memory-in-aging-abadie-m-2022mp4\/\" target=\"_blank\">Verbatim and gist-based associative memory in aging.<\/a><\/strong> [Paper presentation], <em>APA 2022, Minneapolis, USA.<\/em><\/li>\n\n\n\n<li>Rousselle, M. (2022, March) <strong>False memories in working memory tasks: a developmental perspective.<\/strong> [Paper presentation], <em>Swiss Working Memory Meeting, Fribourg, Switzerland.<\/em><\/li>\n\n\n\n<li>Abadie, M. (2022, 26 feb). <strong>Les faux souvenirs au cours de la vie.<\/strong> [Paper presentation]. <em><em>Forum des Sciences Cognitives, Marseille, France.<\/em><\/em><\/li>\n\n\n\n<li>Abadie, M., Troubat, A., Guette, C., &amp; Camos, V. (2020, September 1-3). <a rel=\"noreferrer noopener\" href=\"https:\/\/www.youtube.com\/watch?v=w48taKeak_E&amp;list=PLbongzUA9kndPFxbqu_jvA2oyy7AdHPSE&amp;index=6\" target=\"_blank\"><strong>The role of working memory maintenance mechanisms in false recall<\/strong><\/a> [Paper presentation]. <em>10th European Working Memory Symposium, Cardiff, UK. <a href=\"https:\/\/bit.ly\/3na8uFa\">https:\/\/bit.ly\/3na8uFa<\/a><\/em><\/li>\n\n\n\n<li>Rousselle, M., Abadie, M., Camos, V., Blaye, A. (2020, November 6). <strong>The role of gist and verbatim memory on false recognition in children\u2019s working memory.<\/strong> [Paper presentation]. <em>Journ\u00e9e Scientifique des Jeunes Chercheurs en Psychologie, Lille, France.<\/em><\/li>\n\n\n\n<li>Rousselle, M. &amp; Abadie, M. (2021, March 12). <strong>Les faux souvenirs dans les salles de classes. <\/strong>[Paper presentation]. <em>Journ\u00e9e annuelle des doctorants, Laboratoire Parole et Langage, Aix-en-Provence, France<\/em>.<\/li>\n\n\n\n<li>Abadie, M., Gavard, E., &amp; Guillaume, F. (2021, May 20-21). <strong>Verbatim and gist in aging.<\/strong> [Paper presentation]. <em>Journ\u00e9e d\u2019\u00e9tude du vieillissement, Lyon, France.<\/em><br><\/li>\n<\/ul>\n\n\n\n<p>  <br><\/p>\n\n\n\n<h2 class=\"wp-block-heading\">Posters<\/h2>\n\n\n\n<ul>\n<li><strong>Abadie, M.<\/strong>, Piroelle, M., &amp; Guette, C. (2024, June, 25-27th). <strong>The Role of Articulatory Rehearsal in Short-Term False Memories during Aging. <\/strong>[Poster presentation], <em>The 4<sup>th<\/sup> International Conference on Working Memory<\/em>, Leeds, UK.<\/li>\n\n\n\n<li><strong>* <\/strong>Hami, L.<strong>, Abadie, M., &amp; <\/strong>Casini, L.(2024, May, 14-15).<strong> Les erreurs s\u00e9mantiques en t\u00e2che de m\u00e9moire de travail au cours du d\u00e9veloppement<\/strong>. [Poster presentation]. <em>Colloque du Collectif Cognitif<\/em>, Paris, France.<\/li>\n\n\n\n<li>*Hami, L., Casini, L., &amp; <strong>Abadie, M.<\/strong> (2023, 3-6 october). <strong>Les erreurs de m\u00e9moire s\u00e9mantiques et phonologiques en t\u00e2che de m\u00e9moire de travail au cours du d\u00e9veloppement.<\/strong> [Poster presentation], <em>2\u00e8me colloque interdisciplinaire du GDR m\u00e9moire<\/em>, Carry-Le-Rouet, France.<\/li>\n\n\n\n<li>*Piroelle, M., <strong>Abadie, M.<\/strong>, &amp; R\u00e9gner, I. (2023, 3-6 october). <strong>The effect of age-based stereotype threat on attentional resources in working memory.<\/strong> [Poster presentation], <em>2\u00e8me colloque interdisciplinaire du GDR m\u00e9moire<\/em>, Carry-Le-Rouet, France.<\/li>\n\n\n\n<li>*Rousselle, M., <strong>Abadie, M.<\/strong>, Bouffier, M., Mariz Elsig, S., &amp; Camos, V. (2023, 3-6 october). <strong>The role of working memory maintenance mechanisms in modulating the frequency effect<\/strong>. [Poster presentation], <em>2\u00e8me colloque interdisciplinaire du GDR m\u00e9<\/em>moire, Carry-Le-Rouet, France.<\/li>\n\n\n\n<li>Hami, L., Casini, L., &amp; Abadie, M. (2023, September 5-9th). <strong>Semantic and phonological errors in working memory tasks in children and adults<\/strong>. [Poster presentation], <em>ESCOP 2023<\/em>,<em> Porto, Portugal.<\/em><\/li>\n\n\n\n<li>Abadie, M., &amp; Camos, V. (2022). <strong>False recall in working memory.<\/strong> [Poster presentation], <em>Psychonomic Society, 63rd Annual Meeting, Boston, Massachusetts, USA &amp; Online, November 17-20.<\/em><\/li>\n\n\n\n<li>Rousselle, M. ; Blaye, A. ; Abadie, M. (2022, August). <strong>False memories at short-term: a comparison between 9-year-old children and adults. <\/strong>[Poster presentation], <em>ESCOP, Lille, France.<\/em><\/li>\n\n\n\n<li>Piroelle, M., Guette, C. &amp; Abadie, M. (2022, August). <strong>The role of phonological loop on false memories in aging.<\/strong> [Poster presentation], <em>ESCOP, Lille, France.<\/em><\/li>\n\n\n\n<li>Rousselle, M., Abadie, M., Camos, V. &amp; Blaye, A. (2021, October 12-15). <strong>Les faux souvenirs \u00e0 court-terme chez l\u2019enfant : Implication de la m\u00e9moire de travail ? <\/strong>[Poster presentation].<em>1er colloque interdisciplinaire du GDR M\u00e9moire, Vers, France.<\/em><\/li>\n\n\n\n<li>Rousselle, M., Abadie, M., Camos, V. &amp; Blaye, A. (2020, September 1-3). <a rel=\"noreferrer noopener\" href=\"https:\/\/www.youtube.com\/watch?v=cfXObos3IcM&amp;list=PLbongzUA9kndPFxbqu_jvA2oyy7AdHPSE&amp;index=2&amp;t=5s\" target=\"_blank\"><strong>False memories in children\u2019s working m<\/strong><\/a><strong><a href=\"https:\/\/www.youtube.com\/watch?v=cfXObos3IcM&amp;list=PLbongzUA9kndPFxbqu_jvA2oyy7AdHPSE&amp;index=2&amp;t=5s\">e<\/a><\/strong><a rel=\"noreferrer noopener\" href=\"https:\/\/www.youtube.com\/watch?v=cfXObos3IcM&amp;list=PLbongzUA9kndPFxbqu_jvA2oyy7AdHPSE&amp;index=2&amp;t=5s\" target=\"_blank\"><strong>mory<\/strong><\/a>. [Poster presentation]. <em>10th European Working Memory Symposium, Cardiff, UK. <a href=\"https:\/\/bit.ly\/3na8uFa\">https:\/\/bit.ly\/3na8uFa<\/a><\/em><\/li>\n\n\n\n<li>Abadie, M. (2019, October 3-4). <strong>Aging increases reliance on gist memory: Further evidence. <\/strong>[Poster presentation]. <em>Cognitive neuroscience of memory: Recollection, familiarity and novelty detection conference, Li\u00e8ge, Belgium. <\/em><a rel=\"noreferrer noopener\" href=\"http:\/\/doi.org\/10.1016\/j.bandc.2019.10.013\" target=\"_blank\">doi.org\/10.1016\/j.bandc.2019.10.013<\/a><\/li>\n\n\n\n<li>Abadie, M., Rousselle, M., &amp; Camos, V. (2019, June 6-7). <strong>False memory in 4- and 8-year-old children.<\/strong> [Poster presentation]. <em>The dynamic and flexible nature of memories, Lyon, France.<\/em><\/li>\n\n\n\n<li>Piro\u00eblle, M., Dorval, C., Guette, C., &amp; Abadie, M. (2021, May 20-21). <strong>The role of phonological loop in false memories in aging. <\/strong>[Poster presentation]. <em>Journ\u00e9e d\u2019\u00e9tude du vieillissement, Lyon, France.<\/em><\/li>\n<\/ul>\n\n\n\n<p><\/p>\n","protected":false},"excerpt":{"rendered":"<p>Publications Refereed journal articles Talks Posters<\/p>","protected":false},"author":1,"featured_media":0,"parent":0,"menu_order":0,"comment_status":"closed","ping_status":"closed","template":"","meta":{"footnotes":""},"_links":{"self":[{"href":"https:\/\/falselife.univ-amu.fr\/wordpress\/fr\/wp-json\/wp\/v2\/pages\/19"}],"collection":[{"href":"https:\/\/falselife.univ-amu.fr\/wordpress\/fr\/wp-json\/wp\/v2\/pages"}],"about":[{"href":"https:\/\/falselife.univ-amu.fr\/wordpress\/fr\/wp-json\/wp\/v2\/types\/page"}],"author":[{"embeddable":true,"href":"https:\/\/falselife.univ-amu.fr\/wordpress\/fr\/wp-json\/wp\/v2\/users\/1"}],"replies":[{"embeddable":true,"href":"https:\/\/falselife.univ-amu.fr\/wordpress\/fr\/wp-json\/wp\/v2\/comments?post=19"}],"version-history":[{"count":38,"href":"https:\/\/falselife.univ-amu.fr\/wordpress\/fr\/wp-json\/wp\/v2\/pages\/19\/revisions"}],"predecessor-version":[{"id":441,"href":"https:\/\/falselife.univ-amu.fr\/wordpress\/fr\/wp-json\/wp\/v2\/pages\/19\/revisions\/441"}],"wp:attachment":[{"href":"https:\/\/falselife.univ-amu.fr\/wordpress\/fr\/wp-json\/wp\/v2\/media?parent=19"}],"curies":[{"name":"wp","href":"https:\/\/api.w.org\/{rel}","templated":true}]}}