{"id":13,"date":"2020-09-01T14:10:48","date_gmt":"2020-09-01T14:10:48","guid":{"rendered":"https:\/\/falselife.univ-amu.fr\/wordpress\/?page_id=13"},"modified":"2021-04-30T16:24:58","modified_gmt":"2021-04-30T16:24:58","slug":"home","status":"publish","type":"page","link":"https:\/\/falselife.univ-amu.fr\/wordpress\/fr\/","title":{"rendered":"Accueil"},"content":{"rendered":"<h1 class=\"has-text-align-center wp-block-heading\"><span style=\"color:#37aef7\" class=\"has-inline-color\">ANR Falselife <\/span><\/h1>\n\n\n\n<h2 class=\"has-text-align-center wp-block-heading\">Un projet de recherche sur les faux souvenirs au cours de la vie<\/h2>\n\n\n\n<p class=\"has-text-align-left\">FALSELIFE s\u2019int\u00e9resse \u00e0 ce qui a souvent \u00e9t\u00e9 d\u00e9crit comme l\u2019une des questions fondamentales de la psychologie cognitive, celle des relations entre la m\u00e9moire de travail (MT) et de la m\u00e9moire \u00e0 long-terme (MLT). Les relations entre la MT et la MLT sont au c\u0153ur de la cognition humaine parce qu\u2019elles soutiennent notre capacit\u00e9 \u00e0 apprendre de nouvelles connaissances et habilet\u00e9s, \u00e0 utiliser nos connaissances acquises ant\u00e9rieurement, et \u00e0 pr\u00e9server un fonctionnement autonome dans la vie quotidienne.<\/p>\n\n\n\n<h3 class=\"wp-block-heading\">Objectifs <\/h3>\n\n\n\n<p>FALSELIFE rel\u00e8ve ce d\u00e9fi en adoptant une perspective innovante qui consiste \u00e0 examiner le r\u00f4le de la MT dans la formation des faux souvenirs. Le ph\u00e9nom\u00e8ne de fausse m\u00e9moire est bien \u00e9tabli et est suppos\u00e9 refl\u00e9ter une influence de la MLT. Il s\u2019agit d\u2019un ph\u00e9nom\u00e8ne selon lequel des items s\u00e9mantiquement reli\u00e9s sont rappel\u00e9s faussement et avec confiance comme \u00e9tant des items \u00e9tudi\u00e9s (e.g., Roediger &amp; McDermott, 1995). Toutefois, cet effet de fausse m\u00e9moire a aussi \u00e9t\u00e9 observ\u00e9 dans des d\u00e9lais courts (e.g., Atkins &amp; Reuter-Lorenz, 2008). R\u00e9cemment, nous avons propos\u00e9 un nouveau mod\u00e8le th\u00e9orique qui met l\u2019emphase sur le r\u00f4le crucial du maintien en MT dans l\u2019\u00e9mergence de faux souvenirs \u00e0 court et \u00e0 long-terme (Abadie &amp; Camos, 2018). L\u2019objectif de FALSELIFE est de mieux comprendre les m\u00e9canismes qui sous-tendent les faux souvenirs en examinant comment ils \u00e9voluent au cours de la vie. En nous appuyant sur notre mod\u00e8le th\u00e9orique, nous proposons un programme ambitieux et original compos\u00e9 d\u2019\u00e9tudes men\u00e9es \u00e0 diff\u00e9rentes \u00e9tapes de la vie, qui permettra d\u2019examiner le r\u00f4le des m\u00e9canismes de maintien en MT sur les faux souvenirs \u00e0 court et \u00e0 long-terme. <\/p>\n\n\n\n<p>Le premier objectif de FALSELIFE est d\u2019\u00e9tudier la formation des faux souvenirs en adoptant une perspective d\u00e9veloppementale en comparant les faux souvenirs chez des enfants qui utilisent spontan\u00e9ment les m\u00e9canismes de maintien en MT et chez des enfants plus jeunes qui n\u2019utilisent pas encore les strat\u00e9gies de maintien. <\/p>\n\n\n\n<p>Le second objectif de FALSELIFE est d\u2019examiner l\u2019effet du d\u00e9clin du maintien en MT li\u00e9 \u00e0 l\u2019avanc\u00e9e en \u00e2ge sur l\u2019apparition des faux souvenirs.<\/p>\n\n\n\n<p><\/p>\n\n\n<p style=\"text-align: center;\"><iframe loading=\"lazy\" style=\"padding: 0; margin: 0; border: 0;\" src=\"https:\/\/amupod.univ-amu.fr\/video\/14074-presentation-anrmp4\/?is_iframe=true\" allowfullscreen=\"allowfullscreen\" width=\"640\" height=\"360\"><\/iframe><\/p>","protected":false},"excerpt":{"rendered":"<p>Falselife ANR Research on false memories throughout life FALSELIFE addresses what is often described as one of the most fundamental issues in cognitive psychology, namely the relations between working memory (WM) and long-term memory (LTM). The WM-LTM relations are at&hellip;&nbsp;<a href=\"https:\/\/falselife.univ-amu.fr\/wordpress\/fr\/\" class=\"more-link\">Read More<\/a><\/p>","protected":false},"author":1,"featured_media":0,"parent":0,"menu_order":0,"comment_status":"closed","ping_status":"closed","template":"","meta":{"footnotes":""},"_links":{"self":[{"href":"https:\/\/falselife.univ-amu.fr\/wordpress\/fr\/wp-json\/wp\/v2\/pages\/13"}],"collection":[{"href":"https:\/\/falselife.univ-amu.fr\/wordpress\/fr\/wp-json\/wp\/v2\/pages"}],"about":[{"href":"https:\/\/falselife.univ-amu.fr\/wordpress\/fr\/wp-json\/wp\/v2\/types\/page"}],"author":[{"embeddable":true,"href":"https:\/\/falselife.univ-amu.fr\/wordpress\/fr\/wp-json\/wp\/v2\/users\/1"}],"replies":[{"embeddable":true,"href":"https:\/\/falselife.univ-amu.fr\/wordpress\/fr\/wp-json\/wp\/v2\/comments?post=13"}],"version-history":[{"count":13,"href":"https:\/\/falselife.univ-amu.fr\/wordpress\/fr\/wp-json\/wp\/v2\/pages\/13\/revisions"}],"predecessor-version":[{"id":330,"href":"https:\/\/falselife.univ-amu.fr\/wordpress\/fr\/wp-json\/wp\/v2\/pages\/13\/revisions\/330"}],"wp:attachment":[{"href":"https:\/\/falselife.univ-amu.fr\/wordpress\/fr\/wp-json\/wp\/v2\/media?parent=13"}],"curies":[{"name":"wp","href":"https:\/\/api.w.org\/{rel}","templated":true}]}}